{"id":22309,"date":"2024-09-27T10:01:41","date_gmt":"2024-09-27T07:01:41","guid":{"rendered":"https:\/\/essensa.ee\/toode\/sensai-total-lip-treatment-stick-hooldav-huulepulk-52g\/"},"modified":"2024-10-31T10:45:58","modified_gmt":"2024-10-31T08:45:58","slug":"sensai-total-lip-treatment-stick-hooldav-huulepulk-52g","status":"publish","type":"product","link":"https:\/\/www.essensa.ee\/fi\/tuote\/sensai-total-lip-treatment-stick-hooldav-huulepulk-52g\/","title":{"rendered":"Sensai \u2013 Total Lip Treatment Stick hooldav huulepulk 5,2g"},"content":{"rendered":"\t\t<div data-elementor-type=\"product-post\" data-elementor-id=\"22309\" class=\"elementor elementor-22309 elementor-20519\" data-elementor-post-type=\"product\">\n\t\t\t\t<div class=\"elementor-element elementor-element-0d8faaf e-flex e-con-boxed wpr-particle-no wpr-jarallax-no wpr-parallax-no wpr-sticky-section-no e-con e-child\" data-id=\"0d8faaf\" data-element_type=\"container\">\n\t\t\t\t\t<div class=\"e-con-inner\">\n\t\t\t\t<div class=\"elementor-element elementor-element-182e3a4 elementor-widget elementor-widget-heading\" data-id=\"182e3a4\" data-element_type=\"widget\" data-widget_type=\"heading.default\">\n\t\t\t\t<div class=\"elementor-widget-container\">\n\t\t\t\t\t<h3 class=\"elementor-heading-title elementor-size-default\">Tehokasta kosteutusta ja hoitoa huulillesi!<\/h3>\t\t\t\t<\/div>\n\t\t\t\t<\/div>\n\t\t\t\t<div class=\"elementor-element elementor-element-4246e8a elementor-widget elementor-widget-text-editor\" data-id=\"4246e8a\" data-element_type=\"widget\" data-widget_type=\"text-editor.default\">\n\t\t\t\t<div class=\"elementor-widget-container\">\n\t\t\t\t\t\t\t\t\t<p>Sensai Total Lip Treatment Stick on ylellinen huulivoide, joka antaa intensiivist\u00e4 kosteutta ja hoitoa kuiville ja halkeille huulille. Balsami sis\u00e4lt\u00e4\u00e4 tarkoin valittuja ainesosia, jotka ravitsevat ja suojaavat huulia jokap\u00e4iv\u00e4isilt\u00e4 ulkoisilta tekij\u00f6ilt\u00e4, auttavat v\u00e4hent\u00e4m\u00e4\u00e4n ryppyj\u00e4 ja pit\u00e4v\u00e4t huulet pehmein\u00e4 ja joustavina. S\u00e4\u00e4nn\u00f6llisell\u00e4 k\u00e4yt\u00f6ll\u00e4 huulista tulee n\u00e4kyv\u00e4sti terveemm\u00e4t ja sile\u00e4mm\u00e4t. Sensain tuote sopii kaikenik\u00e4isille k\u00e4ytt\u00e4jille, jotka etsiv\u00e4t tehokasta huultenhoitoa.   <\/p>\n\t\t\t\t\t\t\t\t<\/div>\n\t\t\t\t<\/div>\n\t\t\t\t\t<\/div>\n\t\t\t\t<\/div>\n\t\t<div class=\"elementor-element elementor-element-47f9a2f e-flex e-con-boxed wpr-particle-no wpr-jarallax-no wpr-parallax-no wpr-sticky-section-no e-con e-parent\" data-id=\"47f9a2f\" data-element_type=\"container\">\n\t\t\t\t\t<div class=\"e-con-inner\">\n\t\t<div class=\"elementor-element elementor-element-0433ec7 e-con-full e-flex wpr-particle-no wpr-jarallax-no wpr-parallax-no wpr-sticky-section-no e-con e-child\" data-id=\"0433ec7\" data-element_type=\"container\">\n\t\t\t\t<div class=\"elementor-element elementor-element-2a084ed elementor-widget elementor-widget-heading\" data-id=\"2a084ed\" data-element_type=\"widget\" data-widget_type=\"heading.default\">\n\t\t\t\t<div class=\"elementor-widget-container\">\n\t\t\t\t\t<h3 class=\"elementor-heading-title elementor-size-default\">Tuotteen k\u00e4ytt\u00f6:<\/h3>\t\t\t\t<\/div>\n\t\t\t\t<\/div>\n\t\t\t\t<div class=\"elementor-element elementor-element-3c85262 elementor-icon-list--layout-traditional elementor-list-item-link-full_width elementor-widget elementor-widget-icon-list\" data-id=\"3c85262\" data-element_type=\"widget\" data-widget_type=\"icon-list.default\">\n\t\t\t\t<div class=\"elementor-widget-container\">\n\t\t\t\t\t\t\t<ul class=\"elementor-icon-list-items\">\n\t\t\t\t\t\t\t<li class=\"elementor-icon-list-item\">\n\t\t\t\t\t\t\t\t\t\t\t<span class=\"elementor-icon-list-icon\">\n\t\t\t\t\t\t\t<i aria-hidden=\"true\" class=\"fas fa-check\"><\/i>\t\t\t\t\t\t<\/span>\n\t\t\t\t\t\t\t\t\t\t<span class=\"elementor-icon-list-text\">Levit\u00e4 suoraan huulille.<\/span>\n\t\t\t\t\t\t\t\t\t<\/li>\n\t\t\t\t\t\t\t\t<li class=\"elementor-icon-list-item\">\n\t\t\t\t\t\t\t\t\t\t\t<span class=\"elementor-icon-list-icon\">\n\t\t\t\t\t\t\t<i aria-hidden=\"true\" class=\"fas fa-check\"><\/i>\t\t\t\t\t\t<\/span>\n\t\t\t\t\t\t\t\t\t\t<span class=\"elementor-icon-list-text\">K\u00e4yt\u00e4 tarpeen mukaan, erityisesti jos huulet ovat kuivat tai halkeilevat.<\/span>\n\t\t\t\t\t\t\t\t\t<\/li>\n\t\t\t\t\t\t\t\t<li class=\"elementor-icon-list-item\">\n\t\t\t\t\t\t\t\t\t\t\t<span class=\"elementor-icon-list-icon\">\n\t\t\t\t\t\t\t<i aria-hidden=\"true\" class=\"fas fa-check\"><\/i>\t\t\t\t\t\t<\/span>\n\t\t\t\t\t\t\t\t\t\t<span class=\"elementor-icon-list-text\">Sopii jokap\u00e4iv\u00e4iseen k\u00e4ytt\u00f6\u00f6n.<\/span>\n\t\t\t\t\t\t\t\t\t<\/li>\n\t\t\t\t\t\t<\/ul>\n\t\t\t\t\t\t<\/div>\n\t\t\t\t<\/div>\n\t\t\t\t<div class=\"elementor-element elementor-element-541b9a8 elementor-widget elementor-widget-heading\" data-id=\"541b9a8\" data-element_type=\"widget\" data-widget_type=\"heading.default\">\n\t\t\t\t<div class=\"elementor-widget-container\">\n\t\t\t\t\t<h3 class=\"elementor-heading-title elementor-size-default\">Tuotteen ainesosat:<\/h3>\t\t\t\t<\/div>\n\t\t\t\t<\/div>\n\t\t\t\t<div class=\"elementor-element elementor-element-ad4faf8 elementor-icon-list--layout-traditional elementor-list-item-link-full_width elementor-widget elementor-widget-icon-list\" data-id=\"ad4faf8\" data-element_type=\"widget\" data-widget_type=\"icon-list.default\">\n\t\t\t\t<div class=\"elementor-widget-container\">\n\t\t\t\t\t\t\t<ul class=\"elementor-icon-list-items\">\n\t\t\t\t\t\t\t<li class=\"elementor-icon-list-item\">\n\t\t\t\t\t\t\t\t\t\t\t<span class=\"elementor-icon-list-icon\">\n\t\t\t\t\t\t\t<i aria-hidden=\"true\" class=\"fas fa-check\"><\/i>\t\t\t\t\t\t<\/span>\n\t\t\t\t\t\t\t\t\t\t<span class=\"elementor-icon-list-text\">Sheav\u00f5i: Ravitsee ja kosteuttaa huulia j\u00e4tt\u00e4en ne pehmeiksi.<\/span>\n\t\t\t\t\t\t\t\t\t<\/li>\n\t\t\t\t\t\t\t\t<li class=\"elementor-icon-list-item\">\n\t\t\t\t\t\t\t\t\t\t\t<span class=\"elementor-icon-list-icon\">\n\t\t\t\t\t\t\t<i aria-hidden=\"true\" class=\"fas fa-check\"><\/i>\t\t\t\t\t\t<\/span>\n\t\t\t\t\t\t\t\t\t\t<span class=\"elementor-icon-list-text\">Hyaluronihappo: Auttaa pit\u00e4m\u00e4\u00e4n huulet kosteutettuina ja pulleina.<\/span>\n\t\t\t\t\t\t\t\t\t<\/li>\n\t\t\t\t\t\t\t\t<li class=\"elementor-icon-list-item\">\n\t\t\t\t\t\t\t\t\t\t\t<span class=\"elementor-icon-list-icon\">\n\t\t\t\t\t\t\t<i aria-hidden=\"true\" class=\"fas fa-check\"><\/i>\t\t\t\t\t\t<\/span>\n\t\t\t\t\t\t\t\t\t\t<span class=\"elementor-icon-list-text\">Manteli\u00f6ljy: Mantelimanteli: Pehment\u00e4\u00e4 ja silottaa huulia ja antaa lis\u00e4ravintoa.<\/span>\n\t\t\t\t\t\t\t\t\t<\/li>\n\t\t\t\t\t\t\t\t<li class=\"elementor-icon-list-item\">\n\t\t\t\t\t\t\t\t\t\t\t<span class=\"elementor-icon-list-icon\">\n\t\t\t\t\t\t\t<i aria-hidden=\"true\" class=\"fas fa-check\"><\/i>\t\t\t\t\t\t<\/span>\n\t\t\t\t\t\t\t\t\t\t<span class=\"elementor-icon-list-text\">E-vitamiini: Suojaa huulia vapaiden radikaalien haitallisilta vaikutuksilta.<\/span>\n\t\t\t\t\t\t\t\t\t<\/li>\n\t\t\t\t\t\t<\/ul>\n\t\t\t\t\t\t<\/div>\n\t\t\t\t<\/div>\n\t\t\t\t<\/div>\n\t\t<div class=\"elementor-element elementor-element-1cfa01c e-con-full e-flex wpr-particle-no wpr-jarallax-no wpr-parallax-no wpr-sticky-section-no e-con e-child\" data-id=\"1cfa01c\" data-element_type=\"container\">\n\t\t\t\t<div class=\"elementor-element elementor-element-de75bed elementor-widget elementor-widget-video\" data-id=\"de75bed\" data-element_type=\"widget\" data-settings=\"{&quot;video_type&quot;:&quot;hosted&quot;,&quot;controls&quot;:&quot;yes&quot;}\" data-widget_type=\"video.default\">\n\t\t\t\t<div class=\"elementor-widget-container\">\n\t\t\t\t\t\t\t<div class=\"e-hosted-video elementor-wrapper elementor-open-inline\">\n\t\t\t\t\t<video class=\"elementor-video\" src=\"https:\/\/essensa.ee\/wp-content\/uploads\/2024\/09\/Snapsave.app_-9DoIr1mFfn.mp4\" controls=\"\" preload=\"metadata\" controlsList=\"nodownload\"><\/video>\n\t\t\t\t<\/div>\n\t\t\t\t\t\t<\/div>\n\t\t\t\t<\/div>\n\t\t\t\t<div class=\"elementor-element elementor-element-7a2145f elementor-widget elementor-widget-image\" data-id=\"7a2145f\" data-element_type=\"widget\" data-widget_type=\"image.default\">\n\t\t\t\t<div class=\"elementor-widget-container\">\n\t\t\t\t\t\t\t\t\t\t\t\t\t\t\t\t<a href=\"https:\/\/virtual-cosme.net\/sensai\/global\/en\/makeup\/\" target=\"_blank\" rel=\"noopener\">\n\t\t\t\t\t\t\t<img decoding=\"async\" src=\"https:\/\/virtual-cosme.net\/sensai\/assets\/img\/products\/makeup\/vi_main_lg.png\" title=\"\" alt=\"\" loading=\"lazy\" \/>\t\t\t\t\t\t\t\t<\/a>\n\t\t\t\t\t\t\t\t\t\t\t\t\t\t\t<\/div>\n\t\t\t\t<\/div>\n\t\t\t\t<\/div>\n\t\t\t\t\t<\/div>\n\t\t\t\t<\/div>\n\t\t<div class=\"elementor-element elementor-element-e228727 e-flex e-con-boxed wpr-particle-no wpr-jarallax-no wpr-parallax-no wpr-sticky-section-no e-con e-parent\" data-id=\"e228727\" data-element_type=\"container\" data-settings=\"{&quot;background_background&quot;:&quot;classic&quot;}\">\n\t\t\t\t\t<div class=\"e-con-inner\">\n\t\t\t\t<div class=\"elementor-element elementor-element-1ed9cb0 elementor-widget elementor-widget-heading\" data-id=\"1ed9cb0\" data-element_type=\"widget\" data-widget_type=\"heading.default\">\n\t\t\t\t<div class=\"elementor-widget-container\">\n\t\t\t\t\t<h3 class=\"elementor-heading-title elementor-size-default\">Suositukset:<\/h3>\t\t\t\t<\/div>\n\t\t\t\t<\/div>\n\t\t\t\t<div class=\"elementor-element elementor-element-785e570 elementor-icon-list--layout-traditional elementor-list-item-link-full_width elementor-widget elementor-widget-icon-list\" data-id=\"785e570\" data-element_type=\"widget\" data-widget_type=\"icon-list.default\">\n\t\t\t\t<div class=\"elementor-widget-container\">\n\t\t\t\t\t\t\t<ul class=\"elementor-icon-list-items\">\n\t\t\t\t\t\t\t<li class=\"elementor-icon-list-item\">\n\t\t\t\t\t\t\t\t\t\t\t<span class=\"elementor-icon-list-icon\">\n\t\t\t\t\t\t\t<i aria-hidden=\"true\" class=\"fas fa-check\"><\/i>\t\t\t\t\t\t<\/span>\n\t\t\t\t\t\t\t\t\t\t<span class=\"elementor-icon-list-text\">Levit\u00e4 huulille ennen nukkumaanmenoa varmistaaksesi pehme\u00e4t huulet aamulla.<\/span>\n\t\t\t\t\t\t\t\t\t<\/li>\n\t\t\t\t\t\t\t\t<li class=\"elementor-icon-list-item\">\n\t\t\t\t\t\t\t\t\t\t\t<span class=\"elementor-icon-list-icon\">\n\t\t\t\t\t\t\t<i aria-hidden=\"true\" class=\"fas fa-check\"><\/i>\t\t\t\t\t\t<\/span>\n\t\t\t\t\t\t\t\t\t\t<span class=\"elementor-icon-list-text\">K\u00e4yt\u00e4 p\u00e4iv\u00e4n aikana aina, kun huulet tuntuvat kuivilta.<\/span>\n\t\t\t\t\t\t\t\t\t<\/li>\n\t\t\t\t\t\t\t\t<li class=\"elementor-icon-list-item\">\n\t\t\t\t\t\t\t\t\t\t\t<span class=\"elementor-icon-list-icon\">\n\t\t\t\t\t\t\t<i aria-hidden=\"true\" class=\"fas fa-check\"><\/i>\t\t\t\t\t\t<\/span>\n\t\t\t\t\t\t\t\t\t\t<span class=\"elementor-icon-list-text\">Hyv\u00e4 meikkivoiteena.<\/span>\n\t\t\t\t\t\t\t\t\t<\/li>\n\t\t\t\t\t\t\t\t<li class=\"elementor-icon-list-item\">\n\t\t\t\t\t\t\t\t\t\t\t<span class=\"elementor-icon-list-icon\">\n\t\t\t\t\t\t\t<i aria-hidden=\"true\" class=\"fas fa-check\"><\/i>\t\t\t\t\t\t<\/span>\n\t\t\t\t\t\t\t\t\t\t<span class=\"elementor-icon-list-text\">Pid\u00e4 tuote aina k\u00e4sill\u00e4, jotta voit suojata huulesi tuulelta ja kylm\u00e4lt\u00e4.<\/span>\n\t\t\t\t\t\t\t\t\t<\/li>\n\t\t\t\t\t\t<\/ul>\n\t\t\t\t\t\t<\/div>\n\t\t\t\t<\/div>\n\t\t\t\t\t<\/div>\n\t\t\t\t<\/div>\n\t\t<div class=\"elementor-element elementor-element-990424d elementor-hidden-desktop elementor-hidden-laptop e-flex e-con-boxed wpr-particle-no wpr-jarallax-no wpr-parallax-no wpr-sticky-section-no e-con e-parent\" data-id=\"990424d\" data-element_type=\"container\" data-settings=\"{&quot;background_background&quot;:&quot;classic&quot;}\">\n\t\t\t\t\t<div class=\"e-con-inner\">\n\t\t\t\t<div class=\"elementor-element elementor-element-6cdaa48 elementor-widget elementor-widget-heading\" data-id=\"6cdaa48\" data-element_type=\"widget\" data-widget_type=\"heading.default\">\n\t\t\t\t<div class=\"elementor-widget-container\">\n\t\t\t\t\t<div class=\"elementor-heading-title elementor-size-default\">Muista my\u00f6s tutustua n\u00e4ihin suosituksiin:<\/div>\t\t\t\t<\/div>\n\t\t\t\t<\/div>\n\t\t\t\t\t<\/div>\n\t\t\t\t<\/div>\n\t\t\t\t<\/div>\n\t\t","protected":false},"excerpt":{"rendered":"<p>Sensai Total Lip Treatment Stick kosteuttaa ja ravitsee huulia tehden niist\u00e4 pehme\u00e4t ja sile\u00e4t.<\/p>\n","protected":false},"featured_media":20523,"comment_status":"open","ping_status":"closed","template":"","meta":{"inline_featured_image":false,"order-bump-settings":[],"_wpfnl_thankyou_order_overview":"on","_wpfnl_thankyou_order_details":"on","_wpfnl_thankyou_billing_details":"on","_wpfnl_thankyou_shipping_details":"on","iawp_total_views":1},"pwb-brand":[285],"product_brand":[],"product_cat":[345,519,338,529,340],"product_tag":[],"class_list":{"0":"post-22309","1":"product","2":"type-product","3":"status-publish","4":"has-post-thumbnail","6":"pwb-brand-sensai","7":"product_cat-huulien-hoito","8":"product_cat-ihonhoito","9":"product_cat-kosmetiikka","10":"product_cat-silmat-ja-huulet","11":"product_cat-tuotteet-huulille","13":"first","14":"instock","15":"taxable","16":"shipping-taxable","17":"purchasable","18":"product-type-simple"},"supplier_id":null,"supplier_sku":"","barcode":null,"atum_controlled":true,"out_stock_date":null,"out_stock_threshold":null,"inheritable":false,"inbound_stock":null,"stock_on_hold":0,"sold_today":0,"sales_last_days":0,"reserved_stock":null,"customer_returns":null,"warehouse_damage":null,"lost_in_post":null,"other_logs":null,"out_stock_days":0,"lost_sales":0,"has_location":false,"update_date":"2026-04-23T20:42:06","atum_locations":[],"atum_stock_status":"instock","restock_status":false,"low_stock_amount":"","sales_update_date":"2026-04-23T20:42:06","calc_backorders":null,"jetpack_sharing_enabled":true,"brands":[{"id":285,"name":"Sensai","slug":"sensai"}],"_links":{"self":[{"href":"https:\/\/www.essensa.ee\/fi\/wp-json\/wp\/v2\/product\/22309","targetHints":{"allow":["GET"]}}],"collection":[{"href":"https:\/\/www.essensa.ee\/fi\/wp-json\/wp\/v2\/product"}],"about":[{"href":"https:\/\/www.essensa.ee\/fi\/wp-json\/wp\/v2\/types\/product"}],"replies":[{"embeddable":true,"href":"https:\/\/www.essensa.ee\/fi\/wp-json\/wp\/v2\/comments?post=22309"}],"version-history":[{"count":0,"href":"https:\/\/www.essensa.ee\/fi\/wp-json\/wp\/v2\/product\/22309\/revisions"}],"wp:featuredmedia":[{"embeddable":true,"href":"https:\/\/www.essensa.ee\/fi\/wp-json\/wp\/v2\/media\/20523"}],"wp:attachment":[{"href":"https:\/\/www.essensa.ee\/fi\/wp-json\/wp\/v2\/media?parent=22309"}],"wp:term":[{"taxonomy":"pwb-brand","embeddable":true,"href":"https:\/\/www.essensa.ee\/fi\/wp-json\/wp\/v2\/pwb-brand?post=22309"},{"taxonomy":"product_brand","embeddable":true,"href":"https:\/\/www.essensa.ee\/fi\/wp-json\/wp\/v2\/product_brand?post=22309"},{"taxonomy":"product_cat","embeddable":true,"href":"https:\/\/www.essensa.ee\/fi\/wp-json\/wp\/v2\/product_cat?post=22309"},{"taxonomy":"product_tag","embeddable":true,"href":"https:\/\/www.essensa.ee\/fi\/wp-json\/wp\/v2\/product_tag?post=22309"}],"curies":[{"name":"wp","href":"https:\/\/api.w.org\/{rel}","templated":true}]}}