{"id":19940,"date":"2024-09-06T20:24:36","date_gmt":"2024-09-06T17:24:36","guid":{"rendered":"https:\/\/essensa.ee\/toode\/burberry-burberry-hero-deostick-75ml\/"},"modified":"2024-09-06T20:24:36","modified_gmt":"2024-09-06T17:24:36","slug":"burberry-burberry-hero-deostick-75ml","status":"publish","type":"product","link":"https:\/\/www.essensa.ee\/fi\/tuote\/burberry-burberry-hero-deostick-75ml\/","title":{"rendered":"Burberry \u2013 Burberry Hero Deostick 75ml"},"content":{"rendered":"","protected":false},"excerpt":{"rendered":"<p>Burberry &#8211; Burberry Hero Deodorantissa yhdistyv\u00e4t moderni maskuliinisuus ja luonnon voima, jotka tarjoavat p\u00e4ivitt\u00e4ist\u00e4 raikkautta ja suojaa. T\u00e4m\u00e4 deodoranttipuikko antaa 48 tunnin suojan hike\u00e4 ja ep\u00e4miellytt\u00e4vi\u00e4 hajuja vastaan tuoden esiin saman puumaisen ja mausteisen tuoksun kuin Burberry Hero -hajuvesi. Kevyen ja nopeasti kuivuvan koostumuksensa ansiosta se sopii t\u00e4ydellisesti jokap\u00e4iv\u00e4iseen k\u00e4ytt\u00f6\u00f6n ja j\u00e4tt\u00e4\u00e4 iholle raikkaan, pitk\u00e4kestoisen tuoksun. Burberry Hero Deodorantti on suunniteltu miehelle, joka etsii tasapainoa luonnollisen elinvoiman ja nykyaikaisen tyylikkyyden v\u00e4lill\u00e4.   <\/p>\n","protected":false},"featured_media":18693,"comment_status":"open","ping_status":"closed","template":"","meta":{"inline_featured_image":false,"order-bump-settings":[],"_wpfnl_thankyou_order_overview":"on","_wpfnl_thankyou_order_details":"on","_wpfnl_thankyou_billing_details":"on","_wpfnl_thankyou_shipping_details":"on","iawp_total_views":0},"pwb-brand":[823],"product_brand":[],"product_cat":[377,508,362],"product_tag":[676],"class_list":{"0":"post-19940","1":"product","2":"type-product","3":"status-publish","4":"has-post-thumbnail","6":"pwb-brand-burberry","7":"product_cat-miehille","8":"product_cat-deodorantit-miehille","9":"product_cat-tuoksut","10":"product_tag-deodorant-stick-dst-fi","12":"first","13":"instock","14":"taxable","15":"shipping-taxable","16":"purchasable","17":"product-type-simple"},"supplier_id":null,"supplier_sku":"","barcode":null,"atum_controlled":true,"out_stock_date":null,"out_stock_threshold":null,"inheritable":false,"inbound_stock":null,"stock_on_hold":0,"sold_today":0,"sales_last_days":0,"reserved_stock":null,"customer_returns":null,"warehouse_damage":null,"lost_in_post":null,"other_logs":null,"out_stock_days":0,"lost_sales":0,"has_location":false,"update_date":"2026-04-22T20:40:58","atum_locations":[],"atum_stock_status":"instock","restock_status":false,"low_stock_amount":"","sales_update_date":"2026-04-22T20:40:58","calc_backorders":null,"jetpack_sharing_enabled":true,"brands":[{"id":823,"name":"Burberry","slug":"burberry"}],"_links":{"self":[{"href":"https:\/\/www.essensa.ee\/fi\/wp-json\/wp\/v2\/product\/19940","targetHints":{"allow":["GET"]}}],"collection":[{"href":"https:\/\/www.essensa.ee\/fi\/wp-json\/wp\/v2\/product"}],"about":[{"href":"https:\/\/www.essensa.ee\/fi\/wp-json\/wp\/v2\/types\/product"}],"replies":[{"embeddable":true,"href":"https:\/\/www.essensa.ee\/fi\/wp-json\/wp\/v2\/comments?post=19940"}],"version-history":[{"count":0,"href":"https:\/\/www.essensa.ee\/fi\/wp-json\/wp\/v2\/product\/19940\/revisions"}],"wp:featuredmedia":[{"embeddable":true,"href":"https:\/\/www.essensa.ee\/fi\/wp-json\/wp\/v2\/media\/18693"}],"wp:attachment":[{"href":"https:\/\/www.essensa.ee\/fi\/wp-json\/wp\/v2\/media?parent=19940"}],"wp:term":[{"taxonomy":"pwb-brand","embeddable":true,"href":"https:\/\/www.essensa.ee\/fi\/wp-json\/wp\/v2\/pwb-brand?post=19940"},{"taxonomy":"product_brand","embeddable":true,"href":"https:\/\/www.essensa.ee\/fi\/wp-json\/wp\/v2\/product_brand?post=19940"},{"taxonomy":"product_cat","embeddable":true,"href":"https:\/\/www.essensa.ee\/fi\/wp-json\/wp\/v2\/product_cat?post=19940"},{"taxonomy":"product_tag","embeddable":true,"href":"https:\/\/www.essensa.ee\/fi\/wp-json\/wp\/v2\/product_tag?post=19940"}],"curies":[{"name":"wp","href":"https:\/\/api.w.org\/{rel}","templated":true}]}}