{"id":19749,"date":"2024-09-08T19:21:36","date_gmt":"2024-09-08T16:21:36","guid":{"rendered":"https:\/\/essensa.ee\/toode\/jean-paul-gaultier-scandal-pour-homme-deostick-75g\/"},"modified":"2024-09-08T19:21:36","modified_gmt":"2024-09-08T16:21:36","slug":"jean-paul-gaultier-scandal-pour-homme-deostick-75g","status":"publish","type":"product","link":"https:\/\/www.essensa.ee\/fi\/tuote\/jean-paul-gaultier-scandal-pour-homme-deostick-75g\/","title":{"rendered":"Jean Paul Gaultier \u2013 Scandal Pour Homme Deostick 75g"},"content":{"rendered":"","protected":false},"excerpt":{"rendered":"<p>Jean Paul Gaultier &#8211; Scandal Pour Homme Deodorantti tuo mukanaan kapinallisen ja rohkean maskuliinisuuden, joka tarjoaa itsevarmuutta ja energiaa joka tilanteeseen. T\u00e4m\u00e4 deodoranttipuikko antaa 48 tunnin suojan hike\u00e4 ja ep\u00e4miellytt\u00e4vi\u00e4 hajuja vastaan ja ymp\u00e4r\u00f6i sinut Scandal Pour Homme -tuoksulla, joka on yht\u00e4 voimakas ja lumoava kuin itse hajuvesi. Kevyt ja nopeasti kuivuva koostumus takaa pitk\u00e4kestoisen raikkauden ja j\u00e4tt\u00e4\u00e4 ihollesi miellytt\u00e4v\u00e4n ja mieleenpainuvan tuoksun. Jean Paul Gaultier &#8211; Scandal Pour Homme Deodorantti on suunniteltu miehelle, joka ei pelk\u00e4\u00e4 olla valokeilassa ja joka arvostaa vahvaa persoonallisuutta ja tyyli\u00e4.   <\/p>\n","protected":false},"featured_media":18994,"comment_status":"open","ping_status":"closed","template":"","meta":{"inline_featured_image":false,"order-bump-settings":[],"_wpfnl_thankyou_order_overview":"on","_wpfnl_thankyou_order_details":"on","_wpfnl_thankyou_billing_details":"on","_wpfnl_thankyou_shipping_details":"on","iawp_total_views":1},"pwb-brand":[901],"product_brand":[],"product_cat":[377,508,362],"product_tag":[676],"class_list":{"0":"post-19749","1":"product","2":"type-product","3":"status-publish","4":"has-post-thumbnail","6":"pwb-brand-jean-paul-gaultier","7":"product_cat-miehille","8":"product_cat-deodorantit-miehille","9":"product_cat-tuoksut","10":"product_tag-deodorant-stick-dst-fi","12":"first","13":"instock","14":"taxable","15":"shipping-taxable","16":"purchasable","17":"product-type-simple"},"supplier_id":null,"supplier_sku":"","barcode":null,"atum_controlled":true,"out_stock_date":null,"out_stock_threshold":null,"inheritable":false,"inbound_stock":null,"stock_on_hold":0,"sold_today":0,"sales_last_days":0,"reserved_stock":null,"customer_returns":null,"warehouse_damage":null,"lost_in_post":null,"other_logs":null,"out_stock_days":0,"lost_sales":0,"has_location":false,"update_date":"2026-04-11T20:30:08","atum_locations":[],"atum_stock_status":"instock","restock_status":false,"low_stock_amount":"","sales_update_date":"2026-04-11T20:30:08","calc_backorders":null,"jetpack_sharing_enabled":true,"brands":[{"id":901,"name":"Jean Paul Gaultier","slug":"jean-paul-gaultier"}],"_links":{"self":[{"href":"https:\/\/www.essensa.ee\/fi\/wp-json\/wp\/v2\/product\/19749","targetHints":{"allow":["GET"]}}],"collection":[{"href":"https:\/\/www.essensa.ee\/fi\/wp-json\/wp\/v2\/product"}],"about":[{"href":"https:\/\/www.essensa.ee\/fi\/wp-json\/wp\/v2\/types\/product"}],"replies":[{"embeddable":true,"href":"https:\/\/www.essensa.ee\/fi\/wp-json\/wp\/v2\/comments?post=19749"}],"version-history":[{"count":0,"href":"https:\/\/www.essensa.ee\/fi\/wp-json\/wp\/v2\/product\/19749\/revisions"}],"wp:featuredmedia":[{"embeddable":true,"href":"https:\/\/www.essensa.ee\/fi\/wp-json\/wp\/v2\/media\/18994"}],"wp:attachment":[{"href":"https:\/\/www.essensa.ee\/fi\/wp-json\/wp\/v2\/media?parent=19749"}],"wp:term":[{"taxonomy":"pwb-brand","embeddable":true,"href":"https:\/\/www.essensa.ee\/fi\/wp-json\/wp\/v2\/pwb-brand?post=19749"},{"taxonomy":"product_brand","embeddable":true,"href":"https:\/\/www.essensa.ee\/fi\/wp-json\/wp\/v2\/product_brand?post=19749"},{"taxonomy":"product_cat","embeddable":true,"href":"https:\/\/www.essensa.ee\/fi\/wp-json\/wp\/v2\/product_cat?post=19749"},{"taxonomy":"product_tag","embeddable":true,"href":"https:\/\/www.essensa.ee\/fi\/wp-json\/wp\/v2\/product_tag?post=19749"}],"curies":[{"name":"wp","href":"https:\/\/api.w.org\/{rel}","templated":true}]}}