{"id":17115,"date":"2024-08-12T15:35:58","date_gmt":"2024-08-12T12:35:58","guid":{"rendered":"https:\/\/essensa.ee\/toode\/rabanne-phantom-deostick-75ml\/"},"modified":"2024-08-12T15:35:58","modified_gmt":"2024-08-12T12:35:58","slug":"rabanne-phantom-deostick-75ml","status":"publish","type":"product","link":"https:\/\/www.essensa.ee\/fi\/tuote\/rabanne-phantom-deostick-75ml\/","title":{"rendered":"Rabanne &#8211; Phantom Deostick 75ml"},"content":{"rendered":"","protected":false},"excerpt":{"rendered":"<p>Rabanne Phantom Deodorant on innovatiivinen vartalodeodorantti, jossa yhdistyv\u00e4t ainutlaatuinen tuoksu ja moderni teknologia. Sen tuoksu on luonteeltaan intensiivinen mutta leikkis\u00e4, ja sen ytimess\u00e4 on virkist\u00e4vi\u00e4 sitruksen ja vihre\u00e4n omenan s\u00e4vyj\u00e4. Tuoksu kehittyy pehme\u00e4n laventelin ja aromaattisten mausteiden kautta luoden yll\u00e4tt\u00e4v\u00e4n ja houkuttelevan kontrastin. Samettinen vanilja ja aistillinen puumaisuus tarjoavat syvyytt\u00e4 pohjas\u00e4vyiss\u00e4. Phantom Deostick tarjoaa pitk\u00e4kestoista raikkautta ja miellytt\u00e4vyytt\u00e4, ja sen tyylik\u00e4s pakkaus tuo ripauksen nykyaikaisuutta. Ihanteellinen jokap\u00e4iv\u00e4iseen k\u00e4ytt\u00f6\u00f6n, se antaa varmuutta ja raikkautta kaikissa tilanteissa.     <\/p>\n","protected":false},"featured_media":16214,"comment_status":"open","ping_status":"closed","template":"","meta":{"inline_featured_image":false,"order-bump-settings":[],"_wpfnl_thankyou_order_overview":"on","_wpfnl_thankyou_order_details":"on","_wpfnl_thankyou_billing_details":"on","_wpfnl_thankyou_shipping_details":"on","iawp_total_views":0},"pwb-brand":[739],"product_brand":[],"product_cat":[377,508,362],"product_tag":[676],"class_list":{"0":"post-17115","1":"product","2":"type-product","3":"status-publish","4":"has-post-thumbnail","6":"pwb-brand-rabanne","7":"product_cat-miehille","8":"product_cat-deodorantit-miehille","9":"product_cat-tuoksut","10":"product_tag-deodorant-stick-dst-fi","12":"first","13":"instock","14":"taxable","15":"shipping-taxable","16":"purchasable","17":"product-type-simple"},"supplier_id":null,"supplier_sku":"","barcode":null,"atum_controlled":true,"out_stock_date":null,"out_stock_threshold":null,"inheritable":false,"inbound_stock":null,"stock_on_hold":0,"sold_today":0,"sales_last_days":0,"reserved_stock":null,"customer_returns":null,"warehouse_damage":null,"lost_in_post":null,"other_logs":null,"out_stock_days":0,"lost_sales":0,"has_location":false,"update_date":"2026-04-22T20:40:54","atum_locations":[],"atum_stock_status":"instock","restock_status":false,"low_stock_amount":"","sales_update_date":"2026-04-22T20:40:54","calc_backorders":null,"jetpack_sharing_enabled":true,"brands":[{"id":739,"name":"Rabanne","slug":"rabanne"}],"_links":{"self":[{"href":"https:\/\/www.essensa.ee\/fi\/wp-json\/wp\/v2\/product\/17115","targetHints":{"allow":["GET"]}}],"collection":[{"href":"https:\/\/www.essensa.ee\/fi\/wp-json\/wp\/v2\/product"}],"about":[{"href":"https:\/\/www.essensa.ee\/fi\/wp-json\/wp\/v2\/types\/product"}],"replies":[{"embeddable":true,"href":"https:\/\/www.essensa.ee\/fi\/wp-json\/wp\/v2\/comments?post=17115"}],"version-history":[{"count":0,"href":"https:\/\/www.essensa.ee\/fi\/wp-json\/wp\/v2\/product\/17115\/revisions"}],"wp:featuredmedia":[{"embeddable":true,"href":"https:\/\/www.essensa.ee\/fi\/wp-json\/wp\/v2\/media\/16214"}],"wp:attachment":[{"href":"https:\/\/www.essensa.ee\/fi\/wp-json\/wp\/v2\/media?parent=17115"}],"wp:term":[{"taxonomy":"pwb-brand","embeddable":true,"href":"https:\/\/www.essensa.ee\/fi\/wp-json\/wp\/v2\/pwb-brand?post=17115"},{"taxonomy":"product_brand","embeddable":true,"href":"https:\/\/www.essensa.ee\/fi\/wp-json\/wp\/v2\/product_brand?post=17115"},{"taxonomy":"product_cat","embeddable":true,"href":"https:\/\/www.essensa.ee\/fi\/wp-json\/wp\/v2\/product_cat?post=17115"},{"taxonomy":"product_tag","embeddable":true,"href":"https:\/\/www.essensa.ee\/fi\/wp-json\/wp\/v2\/product_tag?post=17115"}],"curies":[{"name":"wp","href":"https:\/\/api.w.org\/{rel}","templated":true}]}}