{"id":17111,"date":"2024-08-12T15:27:19","date_gmt":"2024-08-12T12:27:19","guid":{"rendered":"https:\/\/essensa.ee\/toode\/rabanne-phantom-shower-gel-150ml\/"},"modified":"2024-08-12T15:27:19","modified_gmt":"2024-08-12T12:27:19","slug":"rabanne-phantom-shower-gel-150ml","status":"publish","type":"product","link":"https:\/\/www.essensa.ee\/fi\/tuote\/rabanne-phantom-shower-gel-150ml\/","title":{"rendered":"Rabanne &#8211; Phantom Shower Gel 150ml"},"content":{"rendered":"","protected":false},"excerpt":{"rendered":"<p>Rabanne Phantom Shower Gel on ainutlaatuinen ja virkist\u00e4v\u00e4 suihkugeeli, joka vie suihkurutiinisi uudelle tasolle. Sen energisoiva koostumus on rikastettu modernilla ja karismaattisella tuoksulla, joka sis\u00e4lt\u00e4\u00e4 virkist\u00e4vi\u00e4 sitrushedelmien, pippurin ja laventelin tuoksuja luoden ainutlaatuisen ja aistikkaan tuoksun. Suihkugeeli puhdistaa ihon hell\u00e4varaisesti ja tehokkaasti j\u00e4tt\u00e4en sille pehme\u00e4n ja kosteutetun tunteen. Rabanne Phantom Shower Gel on t\u00e4ydellinen valinta niille, jotka haluavat nauttia p\u00e4ivitt\u00e4isest\u00e4 puhtaudesta ja raikkaudesta ja samalla l\u00f6yt\u00e4\u00e4 tuoksun, joka kuvastaa heid\u00e4n yksil\u00f6llisyytt\u00e4\u00e4n ja itsevarmuuttaan.   <\/p>\n","protected":false},"featured_media":16202,"comment_status":"open","ping_status":"closed","template":"","meta":{"inline_featured_image":false,"order-bump-settings":[],"_wpfnl_thankyou_order_overview":"on","_wpfnl_thankyou_order_details":"on","_wpfnl_thankyou_billing_details":"on","_wpfnl_thankyou_shipping_details":"on","iawp_total_views":3},"pwb-brand":[739],"product_brand":[],"product_cat":[377,510,362],"product_tag":[792],"class_list":{"0":"post-17111","1":"product","2":"type-product","3":"status-publish","4":"has-post-thumbnail","6":"pwb-brand-rabanne","7":"product_cat-miehille","8":"product_cat-pesu-miehille","9":"product_cat-tuoksut","10":"product_tag-perfumed-shower-gel-shg-fi","12":"first","13":"instock","14":"taxable","15":"shipping-taxable","16":"purchasable","17":"product-type-simple"},"supplier_id":null,"supplier_sku":"","barcode":null,"atum_controlled":true,"out_stock_date":null,"out_stock_threshold":null,"inheritable":false,"inbound_stock":null,"stock_on_hold":0,"sold_today":0,"sales_last_days":0,"reserved_stock":null,"customer_returns":null,"warehouse_damage":null,"lost_in_post":null,"other_logs":null,"out_stock_days":0,"lost_sales":0,"has_location":false,"update_date":"2026-04-17T20:34:22","atum_locations":[],"atum_stock_status":"instock","restock_status":false,"low_stock_amount":"","sales_update_date":"2026-04-17T20:34:22","calc_backorders":null,"jetpack_sharing_enabled":true,"brands":[{"id":739,"name":"Rabanne","slug":"rabanne"}],"_links":{"self":[{"href":"https:\/\/www.essensa.ee\/fi\/wp-json\/wp\/v2\/product\/17111","targetHints":{"allow":["GET"]}}],"collection":[{"href":"https:\/\/www.essensa.ee\/fi\/wp-json\/wp\/v2\/product"}],"about":[{"href":"https:\/\/www.essensa.ee\/fi\/wp-json\/wp\/v2\/types\/product"}],"replies":[{"embeddable":true,"href":"https:\/\/www.essensa.ee\/fi\/wp-json\/wp\/v2\/comments?post=17111"}],"version-history":[{"count":0,"href":"https:\/\/www.essensa.ee\/fi\/wp-json\/wp\/v2\/product\/17111\/revisions"}],"wp:featuredmedia":[{"embeddable":true,"href":"https:\/\/www.essensa.ee\/fi\/wp-json\/wp\/v2\/media\/16202"}],"wp:attachment":[{"href":"https:\/\/www.essensa.ee\/fi\/wp-json\/wp\/v2\/media?parent=17111"}],"wp:term":[{"taxonomy":"pwb-brand","embeddable":true,"href":"https:\/\/www.essensa.ee\/fi\/wp-json\/wp\/v2\/pwb-brand?post=17111"},{"taxonomy":"product_brand","embeddable":true,"href":"https:\/\/www.essensa.ee\/fi\/wp-json\/wp\/v2\/product_brand?post=17111"},{"taxonomy":"product_cat","embeddable":true,"href":"https:\/\/www.essensa.ee\/fi\/wp-json\/wp\/v2\/product_cat?post=17111"},{"taxonomy":"product_tag","embeddable":true,"href":"https:\/\/www.essensa.ee\/fi\/wp-json\/wp\/v2\/product_tag?post=17111"}],"curies":[{"name":"wp","href":"https:\/\/api.w.org\/{rel}","templated":true}]}}