{"id":13404,"date":"2023-11-08T21:10:56","date_gmt":"2023-11-08T19:10:56","guid":{"rendered":"https:\/\/essensa.ee\/toode\/chanel-no-5-leau-in-shower-gel-100ml\/"},"modified":"2024-07-06T09:51:35","modified_gmt":"2024-07-06T06:51:35","slug":"chanel-no-5-leau-in-shower-gel-100ml","status":"publish","type":"product","link":"https:\/\/www.essensa.ee\/fi\/tuote\/chanel-no-5-leau-in-shower-gel-100ml\/","title":{"rendered":"Chanel \u2013 No.5 L\u00b4Eau In-Shower Gel 100ml"},"content":{"rendered":"\t\t<div data-elementor-type=\"wp-post\" data-elementor-id=\"13404\" class=\"elementor elementor-13404 elementor-5515\" data-elementor-post-type=\"product\">\n\t\t\t\t<div class=\"elementor-element elementor-element-22b5388 e-flex e-con-boxed wpr-particle-no wpr-jarallax-no wpr-parallax-no wpr-sticky-section-no e-con e-child\" data-id=\"22b5388\" data-element_type=\"container\">\n\t\t\t\t\t<div class=\"e-con-inner\">\n\t\t\t\t<div class=\"elementor-element elementor-element-73f1ea5 elementor-widget elementor-widget-heading\" data-id=\"73f1ea5\" data-element_type=\"widget\" data-widget_type=\"heading.default\">\n\t\t\t\t<div class=\"elementor-widget-container\">\n\t\t\t\t\t<h3 class=\"elementor-heading-title elementor-size-default\">\nChanel \u2013 No.5 L\u00b4Eau In-Shower Gel - ylellinen suihkugeeli virkist\u00e4v\u00e4\u00e4n ja aistilliseen kokemukseen.<\/h3>\t\t\t\t<\/div>\n\t\t\t\t<\/div>\n\t\t\t\t<div class=\"elementor-element elementor-element-cbaf053 elementor-widget elementor-widget-text-editor\" data-id=\"cbaf053\" data-element_type=\"widget\" data-widget_type=\"text-editor.default\">\n\t\t\t\t<div class=\"elementor-widget-container\">\n\t\t\t\t\t\t\t\t\t<p><strong>Chanel No.5 L\u00b4Eau In-Shower Gel<\/strong> on eksklusiivinen suihkugeeli, joka puhdistaa ja virkist\u00e4\u00e4 ihon ja j\u00e4tt\u00e4\u00e4 sille Chanel No.5:n legendaarisen tuoksun. Sen runsas ja vaahtoava koostumus tekee jokaisesta suihkusta aistillisen rituaalin.<\/p>\n\t\t\t\t\t\t\t\t<\/div>\n\t\t\t\t<\/div>\n\t\t\t\t\t<\/div>\n\t\t\t\t<\/div>\n\t\t<div class=\"elementor-element elementor-element-4d9271a e-flex e-con-boxed wpr-particle-no wpr-jarallax-no wpr-parallax-no wpr-sticky-section-no e-con e-parent\" data-id=\"4d9271a\" data-element_type=\"container\">\n\t\t\t\t\t<div class=\"e-con-inner\">\n\t\t<div class=\"elementor-element elementor-element-3b5e0cc e-con-full e-flex wpr-particle-no wpr-jarallax-no wpr-parallax-no wpr-sticky-section-no e-con e-child\" data-id=\"3b5e0cc\" data-element_type=\"container\">\n\t\t\t\t<div class=\"elementor-element elementor-element-64aaa02 elementor-widget elementor-widget-heading\" data-id=\"64aaa02\" data-element_type=\"widget\" data-widget_type=\"heading.default\">\n\t\t\t\t<div class=\"elementor-widget-container\">\n\t\t\t\t\t<h3 class=\"elementor-heading-title elementor-size-default\">Chanel \u2013 No.5 L\u00b4Eau In-Shower Gel -suihkugeelin k\u00e4ytt\u00f6:<\/h3>\t\t\t\t<\/div>\n\t\t\t\t<\/div>\n\t\t\t\t<div class=\"elementor-element elementor-element-40ee543 elementor-icon-list--layout-traditional elementor-list-item-link-full_width elementor-widget elementor-widget-icon-list\" data-id=\"40ee543\" data-element_type=\"widget\" data-widget_type=\"icon-list.default\">\n\t\t\t\t<div class=\"elementor-widget-container\">\n\t\t\t\t\t\t\t<ul class=\"elementor-icon-list-items\">\n\t\t\t\t\t\t\t<li class=\"elementor-icon-list-item\">\n\t\t\t\t\t\t\t\t\t\t\t<span class=\"elementor-icon-list-icon\">\n\t\t\t\t\t\t\t<i aria-hidden=\"true\" class=\"fas fa-check\"><\/i>\t\t\t\t\t\t<\/span>\n\t\t\t\t\t\t\t\t\t\t<span class=\"elementor-icon-list-text\">Levit\u00e4 pieni m\u00e4\u00e4r\u00e4 geeli\u00e4 kostealle iholle.<\/span>\n\t\t\t\t\t\t\t\t\t<\/li>\n\t\t\t\t\t\t\t\t<li class=\"elementor-icon-list-item\">\n\t\t\t\t\t\t\t\t\t\t\t<span class=\"elementor-icon-list-icon\">\n\t\t\t\t\t\t\t<i aria-hidden=\"true\" class=\"fas fa-check\"><\/i>\t\t\t\t\t\t<\/span>\n\t\t\t\t\t\t\t\t\t\t<span class=\"elementor-icon-list-text\">Hiero vaahdoksi keskittyen hell\u00e4varaisesti koko vartaloon.<\/span>\n\t\t\t\t\t\t\t\t\t<\/li>\n\t\t\t\t\t\t\t\t<li class=\"elementor-icon-list-item\">\n\t\t\t\t\t\t\t\t\t\t\t<span class=\"elementor-icon-list-icon\">\n\t\t\t\t\t\t\t<i aria-hidden=\"true\" class=\"fas fa-check\"><\/i>\t\t\t\t\t\t<\/span>\n\t\t\t\t\t\t\t\t\t\t<span class=\"elementor-icon-list-text\">Huuhtele huolellisesti vedell\u00e4.<\/span>\n\t\t\t\t\t\t\t\t\t<\/li>\n\t\t\t\t\t\t\t\t<li class=\"elementor-icon-list-item\">\n\t\t\t\t\t\t\t\t\t\t\t<span class=\"elementor-icon-list-icon\">\n\t\t\t\t\t\t\t<i aria-hidden=\"true\" class=\"fas fa-check\"><\/i>\t\t\t\t\t\t<\/span>\n\t\t\t\t\t\t\t\t\t\t<span class=\"elementor-icon-list-text\">Sopii jokap\u00e4iv\u00e4iseen k\u00e4ytt\u00f6\u00f6n.<\/span>\n\t\t\t\t\t\t\t\t\t<\/li>\n\t\t\t\t\t\t<\/ul>\n\t\t\t\t\t\t<\/div>\n\t\t\t\t<\/div>\n\t\t\t\t<div class=\"elementor-element elementor-element-ee94979 elementor-widget elementor-widget-heading\" data-id=\"ee94979\" data-element_type=\"widget\" data-widget_type=\"heading.default\">\n\t\t\t\t<div class=\"elementor-widget-container\">\n\t\t\t\t\t<h3 class=\"elementor-heading-title elementor-size-default\">Chanel \u2013 No.5 L\u00b4Eau In-Shower Gel -suihkugeelin ainesosat:<\/h3>\t\t\t\t<\/div>\n\t\t\t\t<\/div>\n\t\t\t\t<div class=\"elementor-element elementor-element-6856cb8 elementor-icon-list--layout-traditional elementor-list-item-link-full_width elementor-widget elementor-widget-icon-list\" data-id=\"6856cb8\" data-element_type=\"widget\" data-widget_type=\"icon-list.default\">\n\t\t\t\t<div class=\"elementor-widget-container\">\n\t\t\t\t\t\t\t<ul class=\"elementor-icon-list-items\">\n\t\t\t\t\t\t\t<li class=\"elementor-icon-list-item\">\n\t\t\t\t\t\t\t\t\t\t\t<span class=\"elementor-icon-list-icon\">\n\t\t\t\t\t\t\t<i aria-hidden=\"true\" class=\"fas fa-check\"><\/i>\t\t\t\t\t\t<\/span>\n\t\t\t\t\t\t\t\t\t\t<span class=\"elementor-icon-list-text\">Glyseryylistearaatti: kosteuttaa ja pehment\u00e4\u00e4 ihoa ja parantaa sen rakennetta.<\/span>\n\t\t\t\t\t\t\t\t\t<\/li>\n\t\t\t\t\t\t\t\t<li class=\"elementor-icon-list-item\">\n\t\t\t\t\t\t\t\t\t\t\t<span class=\"elementor-icon-list-icon\">\n\t\t\t\t\t\t\t<i aria-hidden=\"true\" class=\"fas fa-check\"><\/i>\t\t\t\t\t\t<\/span>\n\t\t\t\t\t\t\t\t\t\t<span class=\"elementor-icon-list-text\">Aqua (vesi): kosteuttava ainesosa, joka auttaa yll\u00e4pit\u00e4m\u00e4\u00e4n ihon kosteustasapainoa.<\/span>\n\t\t\t\t\t\t\t\t\t<\/li>\n\t\t\t\t\t\t\t\t<li class=\"elementor-icon-list-item\">\n\t\t\t\t\t\t\t\t\t\t\t<span class=\"elementor-icon-list-icon\">\n\t\t\t\t\t\t\t<i aria-hidden=\"true\" class=\"fas fa-check\"><\/i>\t\t\t\t\t\t<\/span>\n\t\t\t\t\t\t\t\t\t\t<span class=\"elementor-icon-list-text\">Cocamidopropyl Betaine: hell\u00e4varainen puhdistusaine, joka poistaa tehokkaasti lian ja rasvan \u00e4rsytt\u00e4m\u00e4tt\u00e4 ihoa.<\/span>\n\t\t\t\t\t\t\t\t\t<\/li>\n\t\t\t\t\t\t\t\t<li class=\"elementor-icon-list-item\">\n\t\t\t\t\t\t\t\t\t\t\t<span class=\"elementor-icon-list-icon\">\n\t\t\t\t\t\t\t<i aria-hidden=\"true\" class=\"fas fa-check\"><\/i>\t\t\t\t\t\t<\/span>\n\t\t\t\t\t\t\t\t\t\t<span class=\"elementor-icon-list-text\">Cocamidopropyl Betaine: hell\u00e4varainen puhdistusaine, joka poistaa tehokkaasti lian ja rasvan \u00e4rsytt\u00e4m\u00e4tt\u00e4 ihoa.<\/span>\n\t\t\t\t\t\t\t\t\t<\/li>\n\t\t\t\t\t\t\t\t<li class=\"elementor-icon-list-item\">\n\t\t\t\t\t\t\t\t\t\t\t<span class=\"elementor-icon-list-icon\">\n\t\t\t\t\t\t\t<i aria-hidden=\"true\" class=\"fas fa-check\"><\/i>\t\t\t\t\t\t<\/span>\n\t\t\t\t\t\t\t\t\t\t<span class=\"elementor-icon-list-text\">Sitruunahappo: auttaa tasapainottamaan ihon pH-tasoa ja tekee siit\u00e4 pehme\u00e4n ja sile\u00e4n.<\/span>\n\t\t\t\t\t\t\t\t\t<\/li>\n\t\t\t\t\t\t<\/ul>\n\t\t\t\t\t\t<\/div>\n\t\t\t\t<\/div>\n\t\t\t\t<\/div>\n\t\t<div class=\"elementor-element elementor-element-f07b0ed e-con-full e-flex wpr-particle-no wpr-jarallax-no wpr-parallax-no wpr-sticky-section-no e-con e-child\" data-id=\"f07b0ed\" data-element_type=\"container\">\n\t\t\t\t<div class=\"elementor-element elementor-element-93569c4 elementor-widget elementor-widget-video\" data-id=\"93569c4\" data-element_type=\"widget\" data-settings=\"{&quot;youtube_url&quot;:&quot;https:\\\/\\\/www.youtube.com\\\/watch?v=7jyTVDR_GaU&amp;pp=ygUkQ2hhbmVsIOKAkyBOby41IEzCtEVhdSBJbi1TaG93ZXIgR2Vs&quot;,&quot;video_type&quot;:&quot;youtube&quot;,&quot;controls&quot;:&quot;yes&quot;}\" data-widget_type=\"video.default\">\n\t\t\t\t<div class=\"elementor-widget-container\">\n\t\t\t\t\t\t\t<div class=\"elementor-wrapper elementor-open-inline\">\n\t\t\t<div class=\"elementor-video\"><\/div>\t\t<\/div>\n\t\t\t\t\t\t<\/div>\n\t\t\t\t<\/div>\n\t\t\t\t<\/div>\n\t\t\t\t\t<\/div>\n\t\t\t\t<\/div>\n\t\t<div class=\"elementor-element elementor-element-427db97 e-flex e-con-boxed wpr-particle-no wpr-jarallax-no wpr-parallax-no wpr-sticky-section-no e-con e-parent\" data-id=\"427db97\" data-element_type=\"container\" data-settings=\"{&quot;background_background&quot;:&quot;classic&quot;}\">\n\t\t\t\t\t<div class=\"e-con-inner\">\n\t\t\t\t<div class=\"elementor-element elementor-element-75a0047 elementor-widget elementor-widget-heading\" data-id=\"75a0047\" data-element_type=\"widget\" data-widget_type=\"heading.default\">\n\t\t\t\t<div class=\"elementor-widget-container\">\n\t\t\t\t\t<h3 class=\"elementor-heading-title elementor-size-default\">Suositukset:<\/h3>\t\t\t\t<\/div>\n\t\t\t\t<\/div>\n\t\t\t\t<div class=\"elementor-element elementor-element-99ca0b5 elementor-icon-list--layout-traditional elementor-list-item-link-full_width elementor-widget elementor-widget-icon-list\" data-id=\"99ca0b5\" data-element_type=\"widget\" data-widget_type=\"icon-list.default\">\n\t\t\t\t<div class=\"elementor-widget-container\">\n\t\t\t\t\t\t\t<ul class=\"elementor-icon-list-items\">\n\t\t\t\t\t\t\t<li class=\"elementor-icon-list-item\">\n\t\t\t\t\t\t\t\t\t\t\t<span class=\"elementor-icon-list-icon\">\n\t\t\t\t\t\t\t<i aria-hidden=\"true\" class=\"fas fa-check\"><\/i>\t\t\t\t\t\t<\/span>\n\t\t\t\t\t\t\t\t\t\t<span class=\"elementor-icon-list-text\">K\u00e4yt\u00e4 yhdess\u00e4 Chanel No.5 Body Cream tai Milk -vartalovoiteen tai -maidon kanssa vahvistamaan ja pident\u00e4m\u00e4\u00e4n tuoksun kestoa.<\/span>\n\t\t\t\t\t\t\t\t\t<\/li>\n\t\t\t\t\t\t\t\t<li class=\"elementor-icon-list-item\">\n\t\t\t\t\t\t\t\t\t\t\t<span class=\"elementor-icon-list-icon\">\n\t\t\t\t\t\t\t<i aria-hidden=\"true\" class=\"fas fa-check\"><\/i>\t\t\t\t\t\t<\/span>\n\t\t\t\t\t\t\t\t\t\t<span class=\"elementor-icon-list-text\">V\u00e4lt\u00e4 geelin joutumista silmiin; jos sit\u00e4 joutuu, huuhtele runsaalla vedell\u00e4.<\/span>\n\t\t\t\t\t\t\t\t\t<\/li>\n\t\t\t\t\t\t\t\t<li class=\"elementor-icon-list-item\">\n\t\t\t\t\t\t\t\t\t\t\t<span class=\"elementor-icon-list-icon\">\n\t\t\t\t\t\t\t<i aria-hidden=\"true\" class=\"fas fa-check\"><\/i>\t\t\t\t\t\t<\/span>\n\t\t\t\t\t\t\t\t\t\t<span class=\"elementor-icon-list-text\">Sopii kaikille ihotyypeille, my\u00f6s herk\u00e4lle iholle.<\/span>\n\t\t\t\t\t\t\t\t\t<\/li>\n\t\t\t\t\t\t<\/ul>\n\t\t\t\t\t\t<\/div>\n\t\t\t\t<\/div>\n\t\t\t\t\t<\/div>\n\t\t\t\t<\/div>\n\t\t<div class=\"elementor-element elementor-element-4c1e757 elementor-hidden-desktop elementor-hidden-laptop e-flex e-con-boxed wpr-particle-no wpr-jarallax-no wpr-parallax-no wpr-sticky-section-no e-con e-parent\" data-id=\"4c1e757\" data-element_type=\"container\" data-settings=\"{&quot;background_background&quot;:&quot;classic&quot;}\">\n\t\t\t\t\t<div class=\"e-con-inner\">\n\t\t\t\t<div class=\"elementor-element elementor-element-cb3a14b elementor-widget elementor-widget-heading\" data-id=\"cb3a14b\" data-element_type=\"widget\" data-widget_type=\"heading.default\">\n\t\t\t\t<div class=\"elementor-widget-container\">\n\t\t\t\t\t<div class=\"elementor-heading-title elementor-size-default\">Muista my\u00f6s tutustua n\u00e4ihin suosituksiin:<\/div>\t\t\t\t<\/div>\n\t\t\t\t<\/div>\n\t\t\t\t\t<\/div>\n\t\t\t\t<\/div>\n\t\t\t\t<\/div>\n\t\t","protected":false},"excerpt":{"rendered":"<p>Muunna suihkusi tuoksukeitaaksi <strong>Chanel &#8211; No. 5 L&#8217;Eau In-Shower Gel<\/strong> -suihkugeelill\u00e4 &#8211; ylellinen kokemus, joka tuo modernin ja elinvoimaisen No. 5 L&#8217;Eau -tuoksun p\u00e4ivitt\u00e4isiin rutiineihisi. Uppoudu virkist\u00e4viin sitrushedelmien, hentojen kukkien ja myskisten vivahteiden s\u00e4vyihin, jotka j\u00e4tt\u00e4v\u00e4t ihosi puhtaaksi, virkistyneeksi ja hell\u00e4sti tuoksuvaksi.<\/p>\n","protected":false},"featured_media":13405,"comment_status":"open","ping_status":"closed","template":"","meta":{"inline_featured_image":false,"order-bump-settings":[],"_wpfnl_thankyou_order_overview":"on","_wpfnl_thankyou_order_details":"on","_wpfnl_thankyou_billing_details":"on","_wpfnl_thankyou_shipping_details":"on","iawp_total_views":1},"pwb-brand":[97],"product_brand":[],"product_cat":[367,514,362],"product_tag":[792],"class_list":{"0":"post-13404","1":"product","2":"type-product","3":"status-publish","4":"has-post-thumbnail","6":"pwb-brand-chanel","7":"product_cat-naisille","8":"product_cat-pesu-naisille","9":"product_cat-tuoksut","10":"product_tag-perfumed-shower-gel-shg-fi","12":"first","13":"instock","14":"taxable","15":"shipping-taxable","16":"purchasable","17":"product-type-simple"},"supplier_id":null,"supplier_sku":"","barcode":"3145891056600","atum_controlled":true,"out_stock_date":null,"out_stock_threshold":null,"inheritable":false,"inbound_stock":0,"stock_on_hold":0,"sold_today":0,"sales_last_days":0,"reserved_stock":0,"customer_returns":0,"warehouse_damage":0,"lost_in_post":0,"other_logs":0,"out_stock_days":0,"lost_sales":0,"has_location":false,"update_date":"2026-04-23T20:41:46","atum_locations":[],"atum_stock_status":"instock","restock_status":false,"low_stock_amount":"","sales_update_date":"2026-04-23T20:41:46","calc_backorders":null,"jetpack_sharing_enabled":true,"brands":[{"id":97,"name":"Chanel","slug":"chanel"}],"_links":{"self":[{"href":"https:\/\/www.essensa.ee\/fi\/wp-json\/wp\/v2\/product\/13404","targetHints":{"allow":["GET"]}}],"collection":[{"href":"https:\/\/www.essensa.ee\/fi\/wp-json\/wp\/v2\/product"}],"about":[{"href":"https:\/\/www.essensa.ee\/fi\/wp-json\/wp\/v2\/types\/product"}],"replies":[{"embeddable":true,"href":"https:\/\/www.essensa.ee\/fi\/wp-json\/wp\/v2\/comments?post=13404"}],"version-history":[{"count":0,"href":"https:\/\/www.essensa.ee\/fi\/wp-json\/wp\/v2\/product\/13404\/revisions"}],"wp:featuredmedia":[{"embeddable":true,"href":"https:\/\/www.essensa.ee\/fi\/wp-json\/wp\/v2\/media\/13405"}],"wp:attachment":[{"href":"https:\/\/www.essensa.ee\/fi\/wp-json\/wp\/v2\/media?parent=13404"}],"wp:term":[{"taxonomy":"pwb-brand","embeddable":true,"href":"https:\/\/www.essensa.ee\/fi\/wp-json\/wp\/v2\/pwb-brand?post=13404"},{"taxonomy":"product_brand","embeddable":true,"href":"https:\/\/www.essensa.ee\/fi\/wp-json\/wp\/v2\/product_brand?post=13404"},{"taxonomy":"product_cat","embeddable":true,"href":"https:\/\/www.essensa.ee\/fi\/wp-json\/wp\/v2\/product_cat?post=13404"},{"taxonomy":"product_tag","embeddable":true,"href":"https:\/\/www.essensa.ee\/fi\/wp-json\/wp\/v2\/product_tag?post=13404"}],"curies":[{"name":"wp","href":"https:\/\/api.w.org\/{rel}","templated":true}]}}