{"id":12976,"date":"2023-11-08T22:12:19","date_gmt":"2023-11-08T20:12:19","guid":{"rendered":"https:\/\/essensa.ee\/toode\/chanel-platinum-egoiste-deostick-75ml\/"},"modified":"2024-07-06T09:51:35","modified_gmt":"2024-07-06T06:51:35","slug":"chanel-platinum-egoiste-deostick-75ml","status":"publish","type":"product","link":"https:\/\/www.essensa.ee\/fi\/tuote\/chanel-platinum-egoiste-deostick-75ml\/","title":{"rendered":"Chanel &#8211; Platinum Egoiste Deostick 75ml"},"content":{"rendered":"","protected":false},"excerpt":{"rendered":"<p>P\u00e4ivit\u00e4 hoitorutiinisi <strong>Chanel &#8211; Platinum Egoiste Deostickill\u00e4<\/strong> &#8211; hienostunut ja virkist\u00e4v\u00e4 tuoksukokemus, joka t\u00e4ydent\u00e4\u00e4 modernin miehen dynaamista el\u00e4m\u00e4ntyyli\u00e4. Nauti laventelin, rosmariinin ja setrin rohkeista ja aromaattisista s\u00e4vyist\u00e4, jotka tarjoavat tehokkaan ja pitk\u00e4kestoisen tuoksun.<\/p>\n","protected":false},"featured_media":12977,"comment_status":"open","ping_status":"closed","template":"","meta":{"inline_featured_image":false,"order-bump-settings":[],"_wpfnl_thankyou_order_overview":"on","_wpfnl_thankyou_order_details":"on","_wpfnl_thankyou_billing_details":"on","_wpfnl_thankyou_shipping_details":"on","iawp_total_views":11},"pwb-brand":[97],"product_brand":[],"product_cat":[362,377,672,508],"product_tag":[676],"class_list":{"0":"post-12976","1":"product","2":"type-product","3":"status-publish","4":"has-post-thumbnail","6":"pwb-brand-chanel","7":"product_cat-tuoksut","8":"product_cat-miehille","9":"product_cat-alennuskampanja","10":"product_cat-deodorantit-miehille","11":"product_tag-deodorant-stick-dst-fi","13":"first","14":"instock","15":"taxable","16":"shipping-taxable","17":"purchasable","18":"product-type-simple"},"supplier_id":null,"supplier_sku":"","barcode":"3145891247008","atum_controlled":true,"out_stock_date":null,"out_stock_threshold":null,"inheritable":false,"inbound_stock":0,"stock_on_hold":0,"sold_today":0,"sales_last_days":0,"reserved_stock":0,"customer_returns":0,"warehouse_damage":0,"lost_in_post":0,"other_logs":0,"out_stock_days":0,"lost_sales":0,"has_location":false,"update_date":"2026-04-04T20:25:50","atum_locations":[],"atum_stock_status":"instock","restock_status":false,"low_stock_amount":"","sales_update_date":"2026-04-04T20:25:50","calc_backorders":null,"jetpack_sharing_enabled":true,"brands":[{"id":97,"name":"Chanel","slug":"chanel"}],"_links":{"self":[{"href":"https:\/\/www.essensa.ee\/fi\/wp-json\/wp\/v2\/product\/12976","targetHints":{"allow":["GET"]}}],"collection":[{"href":"https:\/\/www.essensa.ee\/fi\/wp-json\/wp\/v2\/product"}],"about":[{"href":"https:\/\/www.essensa.ee\/fi\/wp-json\/wp\/v2\/types\/product"}],"replies":[{"embeddable":true,"href":"https:\/\/www.essensa.ee\/fi\/wp-json\/wp\/v2\/comments?post=12976"}],"version-history":[{"count":0,"href":"https:\/\/www.essensa.ee\/fi\/wp-json\/wp\/v2\/product\/12976\/revisions"}],"wp:featuredmedia":[{"embeddable":true,"href":"https:\/\/www.essensa.ee\/fi\/wp-json\/wp\/v2\/media\/12977"}],"wp:attachment":[{"href":"https:\/\/www.essensa.ee\/fi\/wp-json\/wp\/v2\/media?parent=12976"}],"wp:term":[{"taxonomy":"pwb-brand","embeddable":true,"href":"https:\/\/www.essensa.ee\/fi\/wp-json\/wp\/v2\/pwb-brand?post=12976"},{"taxonomy":"product_brand","embeddable":true,"href":"https:\/\/www.essensa.ee\/fi\/wp-json\/wp\/v2\/product_brand?post=12976"},{"taxonomy":"product_cat","embeddable":true,"href":"https:\/\/www.essensa.ee\/fi\/wp-json\/wp\/v2\/product_cat?post=12976"},{"taxonomy":"product_tag","embeddable":true,"href":"https:\/\/www.essensa.ee\/fi\/wp-json\/wp\/v2\/product_tag?post=12976"}],"curies":[{"name":"wp","href":"https:\/\/api.w.org\/{rel}","templated":true}]}}