{"id":12969,"date":"2023-11-10T00:24:41","date_gmt":"2023-11-09T22:24:41","guid":{"rendered":"https:\/\/essensa.ee\/toode\/chanel-bleu-de-chanel-all-over-spray-150ml\/"},"modified":"2024-06-25T13:48:46","modified_gmt":"2024-06-25T10:48:46","slug":"chanel-bleu-de-chanel-all-over-spray-150ml","status":"publish","type":"product","link":"https:\/\/www.essensa.ee\/fi\/tuote\/chanel-bleu-de-chanel-all-over-spray-150ml\/","title":{"rendered":"Chanel &#8211; Bleu De Chanel All-Over Spray 150ml"},"content":{"rendered":"","protected":false},"excerpt":{"rendered":"<p><strong>Chanel &#8211; Bleu De Chanel All-Over Spray <\/strong> on monipuolinen ja virkist\u00e4v\u00e4 suihke, joka ymp\u00e4r\u00f6i sinut <strong>Bleu De Chanelin<\/strong> ikonisella tuoksulla. T\u00e4t\u00e4 kevytt\u00e4 suihketta voidaan k\u00e4ytt\u00e4\u00e4 koko vartalolle, ja se j\u00e4tt\u00e4\u00e4 sinut virkistyneeksi ja hienovaraisesti tuoksuvaksi.<\/p>\n","protected":false},"featured_media":12970,"comment_status":"open","ping_status":"closed","template":"","meta":{"inline_featured_image":false,"order-bump-settings":[],"_wpfnl_thankyou_order_overview":"on","_wpfnl_thankyou_order_details":"on","_wpfnl_thankyou_billing_details":"on","_wpfnl_thankyou_shipping_details":"on","iawp_total_views":10},"pwb-brand":[97],"product_brand":[],"product_cat":[377,378,508,362],"product_tag":[724,368],"class_list":{"0":"post-12969","1":"product","2":"type-product","3":"status-publish","4":"has-post-thumbnail","6":"pwb-brand-chanel","7":"product_cat-miehille","8":"product_cat-miesten-hajuvedet","9":"product_cat-deodorantit-miehille","10":"product_cat-tuoksut","11":"product_tag-deodorant-spray-dsp-fi","12":"product_tag-eau-de-toilette-edt-fi","14":"first","15":"instock","16":"taxable","17":"shipping-taxable","18":"purchasable","19":"product-type-simple"},"supplier_id":null,"supplier_sku":"","barcode":"3145891075908","atum_controlled":true,"out_stock_date":null,"out_stock_threshold":null,"inheritable":false,"inbound_stock":0,"stock_on_hold":0,"sold_today":0,"sales_last_days":0,"reserved_stock":0,"customer_returns":0,"warehouse_damage":0,"lost_in_post":0,"other_logs":0,"out_stock_days":0,"lost_sales":0,"has_location":false,"update_date":"2026-04-04T20:24:21","atum_locations":[],"atum_stock_status":"instock","restock_status":false,"low_stock_amount":"","sales_update_date":"2026-04-04T20:24:21","calc_backorders":null,"jetpack_sharing_enabled":true,"brands":[{"id":97,"name":"Chanel","slug":"chanel"}],"_links":{"self":[{"href":"https:\/\/www.essensa.ee\/fi\/wp-json\/wp\/v2\/product\/12969","targetHints":{"allow":["GET"]}}],"collection":[{"href":"https:\/\/www.essensa.ee\/fi\/wp-json\/wp\/v2\/product"}],"about":[{"href":"https:\/\/www.essensa.ee\/fi\/wp-json\/wp\/v2\/types\/product"}],"replies":[{"embeddable":true,"href":"https:\/\/www.essensa.ee\/fi\/wp-json\/wp\/v2\/comments?post=12969"}],"version-history":[{"count":0,"href":"https:\/\/www.essensa.ee\/fi\/wp-json\/wp\/v2\/product\/12969\/revisions"}],"wp:featuredmedia":[{"embeddable":true,"href":"https:\/\/www.essensa.ee\/fi\/wp-json\/wp\/v2\/media\/12970"}],"wp:attachment":[{"href":"https:\/\/www.essensa.ee\/fi\/wp-json\/wp\/v2\/media?parent=12969"}],"wp:term":[{"taxonomy":"pwb-brand","embeddable":true,"href":"https:\/\/www.essensa.ee\/fi\/wp-json\/wp\/v2\/pwb-brand?post=12969"},{"taxonomy":"product_brand","embeddable":true,"href":"https:\/\/www.essensa.ee\/fi\/wp-json\/wp\/v2\/product_brand?post=12969"},{"taxonomy":"product_cat","embeddable":true,"href":"https:\/\/www.essensa.ee\/fi\/wp-json\/wp\/v2\/product_cat?post=12969"},{"taxonomy":"product_tag","embeddable":true,"href":"https:\/\/www.essensa.ee\/fi\/wp-json\/wp\/v2\/product_tag?post=12969"}],"curies":[{"name":"wp","href":"https:\/\/api.w.org\/{rel}","templated":true}]}}