{"id":11311,"date":"2024-05-02T22:22:37","date_gmt":"2024-05-02T19:22:37","guid":{"rendered":"https:\/\/essensa.ee\/toode\/paco-rabanne-1-million-deostick-75ml\/"},"modified":"2024-05-02T22:22:37","modified_gmt":"2024-05-02T19:22:37","slug":"paco-rabanne-1-million-deostick-75ml","status":"publish","type":"product","link":"https:\/\/www.essensa.ee\/fi\/tuote\/paco-rabanne-1-million-deostick-75ml\/","title":{"rendered":"Paco Rabanne &#8211; 1 Million Deostick 75ml"},"content":{"rendered":"","protected":false},"excerpt":{"rendered":"<p><strong>L\u00f6yd\u00e4 ylellisen el\u00e4m\u00e4ntavan tuoksu Paco Rabanne 1 Million Deostickill\u00e4.<\/strong> T\u00e4m\u00e4 deodoranttipuikko tarjoaa 24 tunnin suojan hike\u00e4 ja ep\u00e4miellytt\u00e4vi\u00e4 hajuja vastaan \u200b\u200bsamalla, kun se ymp\u00e4r\u00f6i sinut ikonisen 1 Million -hajuveden aistillisella ja maskuliinisella aromilla. Sekoitus mausteisia ihon s\u00e4vyj\u00e4, mandariinia ja minttua antaa sinulle itsevarmuutta ja j\u00e4tt\u00e4\u00e4 pysyv\u00e4n vaikutelman.<\/p>\n","protected":false},"featured_media":11235,"comment_status":"open","ping_status":"closed","template":"","meta":{"inline_featured_image":false,"order-bump-settings":[],"_wpfnl_thankyou_order_overview":"on","_wpfnl_thankyou_order_details":"on","_wpfnl_thankyou_billing_details":"on","_wpfnl_thankyou_shipping_details":"on","iawp_total_views":2},"pwb-brand":[739],"product_brand":[],"product_cat":[377,508,362],"product_tag":[676],"class_list":{"0":"post-11311","1":"product","2":"type-product","3":"status-publish","4":"has-post-thumbnail","6":"pwb-brand-rabanne","7":"product_cat-miehille","8":"product_cat-deodorantit-miehille","9":"product_cat-tuoksut","10":"product_tag-deodorant-stick-dst-fi","12":"first","13":"instock","14":"taxable","15":"shipping-taxable","16":"purchasable","17":"product-type-simple"},"supplier_id":null,"supplier_sku":"","barcode":"3349666007990","atum_controlled":true,"out_stock_date":null,"out_stock_threshold":null,"inheritable":false,"inbound_stock":0,"stock_on_hold":0,"sold_today":0,"sales_last_days":0,"reserved_stock":0,"customer_returns":0,"warehouse_damage":0,"lost_in_post":0,"other_logs":0,"out_stock_days":0,"lost_sales":0,"has_location":false,"update_date":"2026-04-23T20:41:21","atum_locations":[],"atum_stock_status":"instock","restock_status":false,"low_stock_amount":"","sales_update_date":"2026-04-23T20:41:21","calc_backorders":null,"jetpack_sharing_enabled":true,"brands":[{"id":739,"name":"Rabanne","slug":"rabanne"}],"_links":{"self":[{"href":"https:\/\/www.essensa.ee\/fi\/wp-json\/wp\/v2\/product\/11311","targetHints":{"allow":["GET"]}}],"collection":[{"href":"https:\/\/www.essensa.ee\/fi\/wp-json\/wp\/v2\/product"}],"about":[{"href":"https:\/\/www.essensa.ee\/fi\/wp-json\/wp\/v2\/types\/product"}],"replies":[{"embeddable":true,"href":"https:\/\/www.essensa.ee\/fi\/wp-json\/wp\/v2\/comments?post=11311"}],"version-history":[{"count":0,"href":"https:\/\/www.essensa.ee\/fi\/wp-json\/wp\/v2\/product\/11311\/revisions"}],"wp:featuredmedia":[{"embeddable":true,"href":"https:\/\/www.essensa.ee\/fi\/wp-json\/wp\/v2\/media\/11235"}],"wp:attachment":[{"href":"https:\/\/www.essensa.ee\/fi\/wp-json\/wp\/v2\/media?parent=11311"}],"wp:term":[{"taxonomy":"pwb-brand","embeddable":true,"href":"https:\/\/www.essensa.ee\/fi\/wp-json\/wp\/v2\/pwb-brand?post=11311"},{"taxonomy":"product_brand","embeddable":true,"href":"https:\/\/www.essensa.ee\/fi\/wp-json\/wp\/v2\/product_brand?post=11311"},{"taxonomy":"product_cat","embeddable":true,"href":"https:\/\/www.essensa.ee\/fi\/wp-json\/wp\/v2\/product_cat?post=11311"},{"taxonomy":"product_tag","embeddable":true,"href":"https:\/\/www.essensa.ee\/fi\/wp-json\/wp\/v2\/product_tag?post=11311"}],"curies":[{"name":"wp","href":"https:\/\/api.w.org\/{rel}","templated":true}]}}