{"id":11087,"date":"2023-11-26T01:37:18","date_gmt":"2023-11-25T23:37:18","guid":{"rendered":"https:\/\/essensa.ee\/toode\/christian-dior-dior-homme-aftershave-lotion-100ml\/"},"modified":"2023-11-26T01:37:18","modified_gmt":"2023-11-25T23:37:18","slug":"christian-dior-dior-homme-aftershave-lotion-100ml","status":"publish","type":"product","link":"https:\/\/www.essensa.ee\/fi\/tuote\/christian-dior-dior-homme-aftershave-lotion-100ml\/","title":{"rendered":"Christian Dior &#8211; Dior Homme Aftershave Lotion 100ml"},"content":{"rendered":"","protected":false},"excerpt":{"rendered":"<p><strong>Christian Dior &#8211; Dior Homme Aftershave Lotion<\/strong> on hienostunut ja virkist\u00e4v\u00e4 voide, joka on suunniteltu rauhoittamaan ja kiinteytt\u00e4m\u00e4\u00e4n ihoa parranajon j\u00e4lkeen. Dior Hommen omaa tuoksua sis\u00e4lt\u00e4v\u00e4 voide j\u00e4tt\u00e4\u00e4 hienostuneen ja maskuliinisen tuoksun samalla kun se tarjoaa virkist\u00e4v\u00e4n tunteen.<\/p>\n","protected":false},"featured_media":11088,"comment_status":"open","ping_status":"closed","template":"","meta":{"inline_featured_image":false,"order-bump-settings":[],"_wpfnl_thankyou_order_overview":"on","_wpfnl_thankyou_order_details":"on","_wpfnl_thankyou_billing_details":"on","_wpfnl_thankyou_shipping_details":"on","iawp_total_views":2},"pwb-brand":[179],"product_brand":[],"product_cat":[377,509,362],"product_tag":[720],"class_list":{"0":"post-11087","1":"product","2":"type-product","3":"status-publish","4":"has-post-thumbnail","6":"pwb-brand-christian_dior","7":"product_cat-miehille","8":"product_cat-parranajo","9":"product_cat-tuoksut","10":"product_tag-aftershave-lotion-asl-fi","12":"first","13":"instock","14":"taxable","15":"shipping-taxable","16":"purchasable","17":"product-type-simple"},"supplier_id":null,"supplier_sku":"","barcode":"3348900662674","atum_controlled":true,"out_stock_date":null,"out_stock_threshold":null,"inheritable":false,"inbound_stock":0,"stock_on_hold":0,"sold_today":0,"sales_last_days":0,"reserved_stock":0,"customer_returns":0,"warehouse_damage":0,"lost_in_post":0,"other_logs":0,"out_stock_days":0,"lost_sales":0,"has_location":false,"update_date":"2026-04-17T20:34:21","atum_locations":[],"atum_stock_status":"instock","restock_status":false,"low_stock_amount":"","sales_update_date":"2026-04-17T20:34:21","calc_backorders":null,"jetpack_sharing_enabled":true,"brands":[{"id":179,"name":"Christian Dior","slug":"christian_dior"}],"_links":{"self":[{"href":"https:\/\/www.essensa.ee\/fi\/wp-json\/wp\/v2\/product\/11087","targetHints":{"allow":["GET"]}}],"collection":[{"href":"https:\/\/www.essensa.ee\/fi\/wp-json\/wp\/v2\/product"}],"about":[{"href":"https:\/\/www.essensa.ee\/fi\/wp-json\/wp\/v2\/types\/product"}],"replies":[{"embeddable":true,"href":"https:\/\/www.essensa.ee\/fi\/wp-json\/wp\/v2\/comments?post=11087"}],"version-history":[{"count":0,"href":"https:\/\/www.essensa.ee\/fi\/wp-json\/wp\/v2\/product\/11087\/revisions"}],"wp:featuredmedia":[{"embeddable":true,"href":"https:\/\/www.essensa.ee\/fi\/wp-json\/wp\/v2\/media\/11088"}],"wp:attachment":[{"href":"https:\/\/www.essensa.ee\/fi\/wp-json\/wp\/v2\/media?parent=11087"}],"wp:term":[{"taxonomy":"pwb-brand","embeddable":true,"href":"https:\/\/www.essensa.ee\/fi\/wp-json\/wp\/v2\/pwb-brand?post=11087"},{"taxonomy":"product_brand","embeddable":true,"href":"https:\/\/www.essensa.ee\/fi\/wp-json\/wp\/v2\/product_brand?post=11087"},{"taxonomy":"product_cat","embeddable":true,"href":"https:\/\/www.essensa.ee\/fi\/wp-json\/wp\/v2\/product_cat?post=11087"},{"taxonomy":"product_tag","embeddable":true,"href":"https:\/\/www.essensa.ee\/fi\/wp-json\/wp\/v2\/product_tag?post=11087"}],"curies":[{"name":"wp","href":"https:\/\/api.w.org\/{rel}","templated":true}]}}