{"id":11072,"date":"2023-11-26T02:14:47","date_gmt":"2023-11-26T00:14:47","guid":{"rendered":"https:\/\/essensa.ee\/toode\/christian-dior-dior-homme-deospray-150ml\/"},"modified":"2023-11-26T02:14:47","modified_gmt":"2023-11-26T00:14:47","slug":"christian-dior-dior-homme-deospray-150ml","status":"publish","type":"product","link":"https:\/\/www.essensa.ee\/fi\/tuote\/christian-dior-dior-homme-deospray-150ml\/","title":{"rendered":"Christian Dior &#8211; Dior Homme Deospray 150ml"},"content":{"rendered":"","protected":false},"excerpt":{"rendered":"<p><strong>Christian Dior &#8211; Dior Homme Deospray<\/strong> tarjoaa harmonisen yhdistelm\u00e4n tehokasta deodoranttisuojaa ja tunnusomaista Dior Homme -tuoksua. T\u00e4m\u00e4 deospray on suunniteltu pit\u00e4m\u00e4\u00e4n sinut raikkaana ja luottavaisena koko p\u00e4iv\u00e4n ajan, samalla kun se lis\u00e4\u00e4 Dior Hommen hienovaraisen ja t\u00e4ydellisen tuoksun. Helppok\u00e4ytt\u00f6isen suihkeensa ansiosta se tarjoaa mukavaa ja ylellist\u00e4 hoitoa nykyajan miehelle, joka arvostaa sek\u00e4 tehokkuutta ett\u00e4 eleganssia.<\/p>\n","protected":false},"featured_media":11078,"comment_status":"open","ping_status":"closed","template":"","meta":{"inline_featured_image":false,"order-bump-settings":[],"_wpfnl_thankyou_order_overview":"on","_wpfnl_thankyou_order_details":"on","_wpfnl_thankyou_billing_details":"on","_wpfnl_thankyou_shipping_details":"on","iawp_total_views":0},"pwb-brand":[179],"product_brand":[],"product_cat":[377,672,508,362],"product_tag":[724],"class_list":{"0":"post-11072","1":"product","2":"type-product","3":"status-publish","4":"has-post-thumbnail","6":"pwb-brand-christian_dior","7":"product_cat-miehille","8":"product_cat-alennuskampanja","9":"product_cat-deodorantit-miehille","10":"product_cat-tuoksut","11":"product_tag-deodorant-spray-dsp-fi","13":"first","14":"instock","15":"sale","16":"taxable","17":"shipping-taxable","18":"purchasable","19":"product-type-simple"},"supplier_id":null,"supplier_sku":"","barcode":"3348901484909","atum_controlled":true,"out_stock_date":null,"out_stock_threshold":null,"inheritable":false,"inbound_stock":0,"stock_on_hold":0,"sold_today":0,"sales_last_days":0,"reserved_stock":0,"customer_returns":0,"warehouse_damage":0,"lost_in_post":0,"other_logs":0,"out_stock_days":0,"lost_sales":0,"has_location":false,"update_date":"2026-04-23T20:41:45","atum_locations":[],"atum_stock_status":"instock","restock_status":false,"low_stock_amount":"","sales_update_date":"2026-04-23T20:41:45","calc_backorders":null,"jetpack_sharing_enabled":true,"brands":[{"id":179,"name":"Christian Dior","slug":"christian_dior"}],"_links":{"self":[{"href":"https:\/\/www.essensa.ee\/fi\/wp-json\/wp\/v2\/product\/11072","targetHints":{"allow":["GET"]}}],"collection":[{"href":"https:\/\/www.essensa.ee\/fi\/wp-json\/wp\/v2\/product"}],"about":[{"href":"https:\/\/www.essensa.ee\/fi\/wp-json\/wp\/v2\/types\/product"}],"replies":[{"embeddable":true,"href":"https:\/\/www.essensa.ee\/fi\/wp-json\/wp\/v2\/comments?post=11072"}],"version-history":[{"count":0,"href":"https:\/\/www.essensa.ee\/fi\/wp-json\/wp\/v2\/product\/11072\/revisions"}],"wp:featuredmedia":[{"embeddable":true,"href":"https:\/\/www.essensa.ee\/fi\/wp-json\/wp\/v2\/media\/11078"}],"wp:attachment":[{"href":"https:\/\/www.essensa.ee\/fi\/wp-json\/wp\/v2\/media?parent=11072"}],"wp:term":[{"taxonomy":"pwb-brand","embeddable":true,"href":"https:\/\/www.essensa.ee\/fi\/wp-json\/wp\/v2\/pwb-brand?post=11072"},{"taxonomy":"product_brand","embeddable":true,"href":"https:\/\/www.essensa.ee\/fi\/wp-json\/wp\/v2\/product_brand?post=11072"},{"taxonomy":"product_cat","embeddable":true,"href":"https:\/\/www.essensa.ee\/fi\/wp-json\/wp\/v2\/product_cat?post=11072"},{"taxonomy":"product_tag","embeddable":true,"href":"https:\/\/www.essensa.ee\/fi\/wp-json\/wp\/v2\/product_tag?post=11072"}],"curies":[{"name":"wp","href":"https:\/\/api.w.org\/{rel}","templated":true}]}}