{"id":27746,"date":"2025-06-01T02:48:34","date_gmt":"2025-05-31T23:48:34","guid":{"rendered":"https:\/\/www.essensa.ee\/?post_type=product&#038;p=27746"},"modified":"2025-09-09T09:48:42","modified_gmt":"2025-09-09T06:48:42","slug":"christian-dior-eau-sauvage-deostick-75ml","status":"publish","type":"product","link":"https:\/\/www.essensa.ee\/en\/product\/christian-dior-eau-sauvage-deostick-75ml\/","title":{"rendered":"Christian Dior &#8211; Eau Sauvage Deostick 75ml"},"content":{"rendered":"","protected":false},"excerpt":{"rendered":"<p>Christian Dior \u2013 Eau Sauvage Deostick on ajatult elegantne valik mehele, kes hindab klassikat ja rafineeritud stiili. See deodorantpulk tagab 48-tunnise kaitse higi ja ebameeldiva l\u00f5hna vastu, kattes naha Eau Sauvage\u2019i v\u00e4rske ja tsitruselise aroomiga, milles peitub rosmariini, sidruni ja vetiveri harmooniline kooslus. Kerge ja kiiresti imenduv koostis sobib ideaalselt igap\u00e4evaseks kasutamiseks, pakkudes kogu p\u00e4eva kestvat v\u00e4rskust ja heaolutunnet. Eau Sauvage Deostick on loodud mehele, kes v\u00e4\u00e4rtustab ajatut stiili ja diskreetset luksust.<\/p>\n","protected":false},"featured_media":28279,"comment_status":"open","ping_status":"closed","template":"","meta":{"inline_featured_image":false,"order-bump-settings":[],"_wpfnl_thankyou_order_overview":"on","_wpfnl_thankyou_order_details":"on","_wpfnl_thankyou_billing_details":"on","_wpfnl_thankyou_shipping_details":"on","iawp_total_views":18},"pwb-brand":[179],"product_brand":[],"product_cat":[71,72],"product_tag":[124],"class_list":{"0":"post-27746","1":"product","2":"type-product","3":"status-publish","4":"has-post-thumbnail","6":"pwb-brand-christian_dior","7":"product_cat-meestele","8":"product_cat-deodorandid","9":"product_tag-deodorant_stick","11":"first","12":"instock","13":"taxable","14":"shipping-taxable","15":"purchasable","16":"product-type-simple"},"supplier_id":null,"supplier_sku":"","barcode":"3348900627536","atum_controlled":true,"out_stock_date":null,"out_stock_threshold":null,"inheritable":false,"inbound_stock":null,"stock_on_hold":0,"sold_today":0,"sales_last_days":0,"reserved_stock":null,"customer_returns":null,"warehouse_damage":null,"lost_in_post":null,"other_logs":null,"out_stock_days":0,"lost_sales":0,"has_location":false,"update_date":"2026-04-23T20:41:09","atum_locations":[],"atum_stock_status":"instock","restock_status":false,"low_stock_amount":"","sales_update_date":"2026-04-23T20:41:09","calc_backorders":null,"jetpack_sharing_enabled":true,"brands":[{"id":179,"name":"Christian Dior","slug":"christian_dior"}],"_links":{"self":[{"href":"https:\/\/www.essensa.ee\/en\/wp-json\/wp\/v2\/product\/27746","targetHints":{"allow":["GET"]}}],"collection":[{"href":"https:\/\/www.essensa.ee\/en\/wp-json\/wp\/v2\/product"}],"about":[{"href":"https:\/\/www.essensa.ee\/en\/wp-json\/wp\/v2\/types\/product"}],"replies":[{"embeddable":true,"href":"https:\/\/www.essensa.ee\/en\/wp-json\/wp\/v2\/comments?post=27746"}],"version-history":[{"count":3,"href":"https:\/\/www.essensa.ee\/en\/wp-json\/wp\/v2\/product\/27746\/revisions"}],"predecessor-version":[{"id":28282,"href":"https:\/\/www.essensa.ee\/en\/wp-json\/wp\/v2\/product\/27746\/revisions\/28282"}],"wp:featuredmedia":[{"embeddable":true,"href":"https:\/\/www.essensa.ee\/en\/wp-json\/wp\/v2\/media\/28279"}],"wp:attachment":[{"href":"https:\/\/www.essensa.ee\/en\/wp-json\/wp\/v2\/media?parent=27746"}],"wp:term":[{"taxonomy":"pwb-brand","embeddable":true,"href":"https:\/\/www.essensa.ee\/en\/wp-json\/wp\/v2\/pwb-brand?post=27746"},{"taxonomy":"product_brand","embeddable":true,"href":"https:\/\/www.essensa.ee\/en\/wp-json\/wp\/v2\/product_brand?post=27746"},{"taxonomy":"product_cat","embeddable":true,"href":"https:\/\/www.essensa.ee\/en\/wp-json\/wp\/v2\/product_cat?post=27746"},{"taxonomy":"product_tag","embeddable":true,"href":"https:\/\/www.essensa.ee\/en\/wp-json\/wp\/v2\/product_tag?post=27746"}],"curies":[{"name":"wp","href":"https:\/\/api.w.org\/{rel}","templated":true}]}}